{"id":94,"date":"2025-03-12T16:57:26","date_gmt":"2025-03-12T15:57:26","guid":{"rendered":"https:\/\/jocargrupo.com\/?page_id=94"},"modified":"2025-11-06T10:01:46","modified_gmt":"2025-11-06T09:01:46","slug":"empresa","status":"publish","type":"page","link":"https:\/\/jocargrupo.com\/en\/empresa\/","title":{"rendered":"EMPRESA"},"content":{"rendered":"<div data-elementor-type=\"wp-page\" data-elementor-id=\"94\" class=\"elementor elementor-94\">\n\t\t\t\t\t\t<section class=\"elementor-section elementor-top-section elementor-element elementor-element-2156d3760 elementor-section-boxed elementor-section-height-default elementor-section-height-default wpr-particle-no wpr-jarallax-no wpr-parallax-no wpr-sticky-section-no\" data-id=\"2156d3760\" data-element_type=\"section\" data-settings=\"{&quot;background_background&quot;:&quot;classic&quot;}\">\n\t\t\t\t\t\t\t<div class=\"elementor-background-overlay\"><\/div>\n\t\t\t\t\t\t\t<div class=\"elementor-container elementor-column-gap-default\">\n\t\t\t\t\t<div class=\"elementor-column elementor-col-100 elementor-top-column elementor-element elementor-element-27ee3ae2\" data-id=\"27ee3ae2\" data-element_type=\"column\">\n\t\t\t<div class=\"elementor-widget-wrap elementor-element-populated\">\n\t\t\t\t\t\t<div class=\"elementor-element elementor-element-5a47a48a elementor-widget elementor-widget-heading\" data-id=\"5a47a48a\" data-element_type=\"widget\" data-widget_type=\"heading.default\">\n\t\t\t\t\t<h1 class=\"elementor-heading-title elementor-size-default\">Empresa<\/h1>\t\t\t\t<\/div>\n\t\t\t\t\t<\/div>\n\t\t<\/div>\n\t\t\t\t\t<\/div>\n\t\t<\/section>\n\t\t\t\t<section class=\"elementor-section elementor-top-section elementor-element elementor-element-3649b327 elementor-section-boxed elementor-section-height-default elementor-section-height-default wpr-particle-no wpr-jarallax-no wpr-parallax-no wpr-sticky-section-no\" data-id=\"3649b327\" data-element_type=\"section\">\n\t\t\t\t\t\t<div class=\"elementor-container elementor-column-gap-default\">\n\t\t\t\t\t<div class=\"elementor-column elementor-col-50 elementor-top-column elementor-element elementor-element-14fb8c5\" data-id=\"14fb8c5\" data-element_type=\"column\">\n\t\t\t<div class=\"elementor-widget-wrap elementor-element-populated\">\n\t\t\t\t\t\t<div class=\"elementor-element elementor-element-f42b229 elementor-widget elementor-widget-heading\" data-id=\"f42b229\" data-element_type=\"widget\" data-widget_type=\"heading.default\">\n\t\t\t\t\t<h2 class=\"elementor-heading-title elementor-size-default\">Trayectoria<\/h2>\t\t\t\t<\/div>\n\t\t\t\t<div class=\"elementor-element elementor-element-50349d20 elementor-widget-divider--view-line elementor-widget elementor-widget-divider\" data-id=\"50349d20\" data-element_type=\"widget\" data-widget_type=\"divider.default\">\n\t\t\t\t\t\t\t<div class=\"elementor-divider\">\n\t\t\t<span class=\"elementor-divider-separator\">\n\t\t\t\t\t\t<\/span>\n\t\t<\/div>\n\t\t\t\t\t\t<\/div>\n\t\t\t\t<div class=\"elementor-element elementor-element-6d8b4db2 elementor-widget elementor-widget-text-editor\" data-id=\"6d8b4db2\" data-element_type=\"widget\" data-widget_type=\"text-editor.default\">\n\t\t\t\t\t\t\t\t\t<p><span style=\"font-weight: 400;\">JOCAR ,\u00a0 naci\u00f3 como un taller artesanal de\u00a0 ebanister\u00eda\u00a0 en 1977 donde se realizaba \u00a0 muebles a medida\u00a0 en todos los estilos , \u00a0 el cl\u00e1sico fue\u00a0 por aquel entonces nuestro fuerte\u00a0 .Realizando\u00a0 verdaderas\u00a0 maravillas con tallas hechas a mano , con chapas \u00a0 y maderas nobles . Pero gracias a la inquietud, la dedicaci\u00f3n\u00a0 a la artesan\u00eda\u00a0 y la visi\u00f3n de nuestro fundador, hizo posible que cada mueble\u00a0 que se hac\u00eda ,daba igual de que estilo fuese se convert\u00eda\u00a0 en una pieza \u00fanica.<\/span><\/p><p><span style=\"font-weight: 400;\">Desde entonces\u00a0 la empresa fue\u00a0 avanzando incorporando\u00a0 una exposici\u00f3n de mobiliario del hogar , donde en nuestros escaparates se puede visualizar las novedades de los\u00a0 fabricantes. M\u00e1s tarde se abre una exposici\u00f3n\u00a0 de electrodom\u00e9sticos con uno de los mejores grupos a nivel europeo.<\/span><\/p><p><span style=\"font-weight: 400;\">\u00a0Nuestra \u00faltima incorporaci\u00f3n\u00a0 es una exposici\u00f3n de cocinas\u00a0 de una de las mejores marcas italianas\u00a0 del mercado actual\u00a0 Arredo3 con dise\u00f1os a medida y con la calidad maden in italy , que dan respuestas a tus necesidades.<\/span><\/p><p><span style=\"font-weight: 400;\"><br \/><\/span><span style=\"font-weight: 400;\"> Siempre\u00a0 hemos\u00a0 pensado en nuestros cliente , en darles un servicio completo por eso en mas de 40 a\u00f1os que llevamos en el mercado incorporamos las reformas de viviendas\u00a0 integrales ,como siempre rodeados de grandes profesionales .<\/span><\/p><p><span style=\"font-weight: 400;\">Sin olvidarnos de las numerosas instalaciones que\u00a0 realizamos ,desde restaurantes , helader\u00edas,\u00a0 oficinas , cl\u00ednicas dentales, etc.<\/span><\/p>\t\t\t\t\t\t\t\t<\/div>\n\t\t\t\t\t<\/div>\n\t\t<\/div>\n\t\t\t\t<div class=\"elementor-column elementor-col-50 elementor-top-column elementor-element elementor-element-63b7a5db\" data-id=\"63b7a5db\" data-element_type=\"column\">\n\t\t\t<div class=\"elementor-widget-wrap elementor-element-populated\">\n\t\t\t\t\t\t<div class=\"elementor-element elementor-element-58d4fde9 elementor-widget elementor-widget-image\" data-id=\"58d4fde9\" data-element_type=\"widget\" data-widget_type=\"image.default\">\n\t\t\t\t\t\t\t\t\t\t\t\t\t\t\t<img fetchpriority=\"high\" decoding=\"async\" width=\"683\" height=\"1024\" src=\"https:\/\/jocargrupo.com\/wp-content\/uploads\/2025\/08\/MG_4550-683x1024.png\" class=\"attachment-large size-large wp-image-300\" alt=\"\" srcset=\"https:\/\/jocargrupo.com\/wp-content\/uploads\/2025\/08\/MG_4550-683x1024.png 683w, https:\/\/jocargrupo.com\/wp-content\/uploads\/2025\/08\/MG_4550-200x300.png 200w, https:\/\/jocargrupo.com\/wp-content\/uploads\/2025\/08\/MG_4550-768x1152.png 768w, https:\/\/jocargrupo.com\/wp-content\/uploads\/2025\/08\/MG_4550-1024x1536.png 1024w, https:\/\/jocargrupo.com\/wp-content\/uploads\/2025\/08\/MG_4550-8x12.png 8w, https:\/\/jocargrupo.com\/wp-content\/uploads\/2025\/08\/MG_4550.png 1280w\" sizes=\"(max-width: 683px) 100vw, 683px\" \/>\t\t\t\t\t\t\t\t\t\t\t\t\t\t\t<\/div>\n\t\t\t\t\t<\/div>\n\t\t<\/div>\n\t\t\t\t\t<\/div>\n\t\t<\/section>\n\t\t<div class=\"elementor-element elementor-element-0368767 e-flex e-con-boxed wpr-particle-no wpr-jarallax-no wpr-parallax-no wpr-sticky-section-no e-con e-parent\" data-id=\"0368767\" data-element_type=\"container\">\n\t\t\t\t\t<div class=\"e-con-inner\">\n\t\t<div class=\"elementor-element elementor-element-f869e42 e-con-full e-flex wpr-particle-no wpr-jarallax-no wpr-parallax-no wpr-sticky-section-no e-con e-child\" data-id=\"f869e42\" data-element_type=\"container\">\n\t\t\t\t<div class=\"elementor-element elementor-element-9029a7b elementor-widget elementor-widget-heading\" data-id=\"9029a7b\" data-element_type=\"widget\" data-widget_type=\"heading.default\">\n\t\t\t\t\t<h2 class=\"elementor-heading-title elementor-size-default\">Nuestros valores<\/h2>\t\t\t\t<\/div>\n\t\t\t\t<div class=\"elementor-element elementor-element-4f41b1b elementor-widget elementor-widget-text-editor\" data-id=\"4f41b1b\" data-element_type=\"widget\" data-widget_type=\"text-editor.default\">\n\t\t\t\t\t\t\t\t\t<p><b>Innovaci\u00f3n: <\/b><span style=\"font-weight: 400;\">Nuestra inquietud hace que siempre tengamos algo que mostrarte.<\/span><\/p><p><b>Dise\u00f1o:<\/b><span style=\"font-weight: 400;\"> Crear o dise\u00f1ar muebles a medida implica pensar en espacios, en cubrir necesidades e ilusiones.<\/span><\/p><p><b>Pasi\u00f3n: <\/b>N<span style=\"font-weight: 400;\">uestra pasi\u00f3n por trabajar las maderas nos lleva a tratarlas con dedicaci\u00f3n y profesionalidad.<\/span><\/p><p><b>Compromiso:<\/b><span style=\"font-weight: 400;\"> Con nuestros clientes, adapt\u00e1ndonos a las necesidades de cada uno, cuidando minuciosamente cada detalle, cada acabado,\u00a0 para hacer de cada proyecto\u00a0 una experiencia agradable e inolvidable, porque detr\u00e1s de esta empresa hay un equipo humano donde entendemos que tu hogar o espacio es algo mas que un lugar f\u00edsico, es un sitio donde se construyen\u00a0 ilusiones y donde vivir emociones.<\/span><\/p>\t\t\t\t\t\t\t\t<\/div>\n\t\t\t\t<\/div>\n\t\t\t\t\t<\/div>\n\t\t\t\t<\/div>\n\t\t<div class=\"elementor-element elementor-element-62987d9 e-flex e-con-boxed wpr-particle-no wpr-jarallax-no wpr-parallax-no wpr-sticky-section-no e-con e-parent\" data-id=\"62987d9\" data-element_type=\"container\">\n\t\t\t\t\t<div class=\"e-con-inner\">\n\t\t\t\t<div class=\"elementor-element elementor-element-62af43b elementor-widget elementor-widget-text-editor\" data-id=\"62af43b\" data-element_type=\"widget\" data-widget_type=\"text-editor.default\">\n\t\t\t\t\t\t\t\t\tNosotros lo hacemos posible para que <span style=\"color:#B6FF02\">T\u00da<\/span> lo vivas\t\t\t\t\t\t\t\t<\/div>\n\t\t\t\t\t<\/div>\n\t\t\t\t<\/div>\n\t\t\t\t<\/div>","protected":false},"excerpt":{"rendered":"<p>Empresa Trayectoria JOCAR ,\u00a0 naci\u00f3 como un taller artesanal de\u00a0 ebanister\u00eda\u00a0 en 1977 donde se realizaba \u00a0 muebles a medida\u00a0 en todos los estilos , \u00a0 el cl\u00e1sico fue\u00a0 por aquel entonces nuestro fuerte\u00a0 .Realizando\u00a0 verdaderas\u00a0 maravillas con tallas hechas a mano , con chapas \u00a0 y maderas nobles . Pero gracias a la inquietud, la dedicaci\u00f3n\u00a0 a la artesan\u00eda\u00a0 y la visi\u00f3n de nuestro fundador, hizo posible que cada mueble\u00a0 que se hac\u00eda ,daba igual de que estilo fuese se convert\u00eda\u00a0 en una pieza \u00fanica. Desde entonces\u00a0 la empresa fue\u00a0 avanzando incorporando\u00a0 una exposici\u00f3n de mobiliario del hogar , donde en nuestros escaparates se puede visualizar las novedades de los\u00a0 fabricantes. M\u00e1s tarde se abre una exposici\u00f3n\u00a0 de electrodom\u00e9sticos con uno de los mejores grupos a nivel europeo. \u00a0Nuestra \u00faltima incorporaci\u00f3n\u00a0 es una exposici\u00f3n de cocinas\u00a0 de una de las mejores marcas italianas\u00a0 del mercado actual\u00a0 Arredo3 con dise\u00f1os a medida y con la calidad maden in italy , que dan respuestas a tus necesidades. Siempre\u00a0 hemos\u00a0 pensado en nuestros cliente , en darles un servicio completo por eso en mas de 40 a\u00f1os que llevamos en el mercado incorporamos las reformas de viviendas\u00a0 integrales ,como siempre rodeados de grandes profesionales . Sin olvidarnos de las numerosas instalaciones que\u00a0 realizamos ,desde restaurantes , helader\u00edas,\u00a0 oficinas , cl\u00ednicas dentales, etc. Nuestros valores Innovaci\u00f3n: Nuestra inquietud hace que siempre tengamos algo que mostrarte. Dise\u00f1o: Crear o dise\u00f1ar muebles a medida implica pensar en espacios, en cubrir necesidades e ilusiones. Pasi\u00f3n: Nuestra pasi\u00f3n por trabajar las maderas nos lleva a tratarlas con dedicaci\u00f3n y profesionalidad. Compromiso: Con nuestros clientes, adapt\u00e1ndonos a las necesidades de cada uno, cuidando minuciosamente cada detalle, cada acabado,\u00a0 para hacer de cada proyecto\u00a0 una experiencia agradable e inolvidable, porque detr\u00e1s de esta empresa hay un equipo humano donde entendemos que tu hogar o espacio es algo mas que un lugar f\u00edsico, es un sitio donde se construyen\u00a0 ilusiones y donde vivir emociones. Nosotros lo hacemos posible para que T\u00da lo vivas<\/p>","protected":false},"author":1,"featured_media":0,"parent":0,"menu_order":0,"comment_status":"closed","ping_status":"closed","template":"elementor_header_footer","meta":{"footnotes":""},"class_list":["post-94","page","type-page","status-publish","hentry"],"_links":{"self":[{"href":"https:\/\/jocargrupo.com\/en\/wp-json\/wp\/v2\/pages\/94","targetHints":{"allow":["GET"]}}],"collection":[{"href":"https:\/\/jocargrupo.com\/en\/wp-json\/wp\/v2\/pages"}],"about":[{"href":"https:\/\/jocargrupo.com\/en\/wp-json\/wp\/v2\/types\/page"}],"author":[{"embeddable":true,"href":"https:\/\/jocargrupo.com\/en\/wp-json\/wp\/v2\/users\/1"}],"replies":[{"embeddable":true,"href":"https:\/\/jocargrupo.com\/en\/wp-json\/wp\/v2\/comments?post=94"}],"version-history":[{"count":55,"href":"https:\/\/jocargrupo.com\/en\/wp-json\/wp\/v2\/pages\/94\/revisions"}],"predecessor-version":[{"id":447,"href":"https:\/\/jocargrupo.com\/en\/wp-json\/wp\/v2\/pages\/94\/revisions\/447"}],"wp:attachment":[{"href":"https:\/\/jocargrupo.com\/en\/wp-json\/wp\/v2\/media?parent=94"}],"curies":[{"name":"wp","href":"https:\/\/api.w.org\/{rel}","templated":true}]}}