{"id":7,"date":"2025-03-11T11:22:09","date_gmt":"2025-03-11T10:22:09","guid":{"rendered":"https:\/\/jocargrupo.com\/?page_id=7"},"modified":"2025-11-06T10:09:26","modified_gmt":"2025-11-06T09:09:26","slug":"inicio","status":"publish","type":"page","link":"https:\/\/jocargrupo.com\/en\/","title":{"rendered":"INICIO"},"content":{"rendered":"<div data-elementor-type=\"wp-page\" data-elementor-id=\"7\" class=\"elementor elementor-7\">\n\t\t\t\t<div class=\"elementor-element elementor-element-2fqasgs e-flex e-con-boxed wpr-particle-no wpr-jarallax-no wpr-parallax-no wpr-sticky-section-no e-con e-parent\" data-id=\"2fqasgs\" data-element_type=\"container\" data-settings=\"{&quot;background_background&quot;:&quot;classic&quot;}\">\n\t\t\t\t\t<div class=\"e-con-inner\">\n\t\t<div class=\"elementor-element elementor-element-05ba369 e-con-full e-flex wpr-particle-no wpr-jarallax-no wpr-parallax-no wpr-sticky-section-no e-con e-child\" data-id=\"05ba369\" data-element_type=\"container\">\n\t\t\t\t<div class=\"elementor-element elementor-element-5117318 elementor-widget elementor-widget-spacer\" data-id=\"5117318\" data-element_type=\"widget\" data-widget_type=\"spacer.default\">\n\t\t\t\t\t\t\t<div class=\"elementor-spacer\">\n\t\t\t<div class=\"elementor-spacer-inner\"><\/div>\n\t\t<\/div>\n\t\t\t\t\t\t<\/div>\n\t\t\t\t<div class=\"elementor-element elementor-element-2244f40 elementor-widget elementor-widget-heading\" data-id=\"2244f40\" data-element_type=\"widget\" data-widget_type=\"heading.default\">\n\t\t\t\t\t<h1 class=\"elementor-heading-title elementor-size-default\">GRUPO JOCAR<\/h1>\t\t\t\t<\/div>\n\t\t\t\t<div class=\"elementor-element elementor-element-936a3d8 elementor-widget elementor-widget-heading\" data-id=\"936a3d8\" data-element_type=\"widget\" data-widget_type=\"heading.default\">\n\t\t\t\t\t<p class=\"elementor-heading-title elementor-size-default\">NOSOTROS LO HACEMOS POSIBLE<\/p>\t\t\t\t<\/div>\n\t\t\t\t<div class=\"elementor-element elementor-element-c861921 elementor-widget elementor-widget-heading\" data-id=\"c861921\" data-element_type=\"widget\" data-widget_type=\"heading.default\">\n\t\t\t\t\t<p class=\"elementor-heading-title elementor-size-default\">PARA QUE <span style=\"color:#b6ff02\">T\u00da<\/span> LO VIVAS<\/p>\t\t\t\t<\/div>\n\t\t\t\t<\/div>\n\t\t\t\t\t<\/div>\n\t\t\t\t<\/div>\n\t\t<div class=\"elementor-element elementor-element-oyp7nad e-flex e-con-boxed wpr-particle-no wpr-jarallax-no wpr-parallax-no wpr-sticky-section-no e-con e-parent\" data-id=\"oyp7nad\" data-element_type=\"container\">\n\t\t\t\t\t<div class=\"e-con-inner\">\n\t\t<div class=\"elementor-element elementor-element-37f0b92 e-con-full e-flex wpr-particle-no wpr-jarallax-no wpr-parallax-no wpr-sticky-section-no e-con e-child\" data-id=\"37f0b92\" data-element_type=\"container\">\n\t\t\t\t<div class=\"elementor-element elementor-element-d8fd14a elementor-widget elementor-widget-heading\" data-id=\"d8fd14a\" data-element_type=\"widget\" data-widget_type=\"heading.default\">\n\t\t\t\t\t<p class=\"elementor-heading-title elementor-size-default\">EMPRESA<\/p>\t\t\t\t<\/div>\n\t\t\t\t<div class=\"elementor-element elementor-element-dcf4cd7 elementor-widget elementor-widget-text-editor\" data-id=\"dcf4cd7\" data-element_type=\"widget\" data-widget_type=\"text-editor.default\">\n\t\t\t\t\t\t\t\t\t<p><span style=\"font-weight: 400;\">GRUPO JOCAR<\/span><\/p>\t\t\t\t\t\t\t\t<\/div>\n\t\t\t\t<div class=\"elementor-element elementor-element-9b51983 elementor-widget elementor-widget-text-editor\" data-id=\"9b51983\" data-element_type=\"widget\" data-widget_type=\"text-editor.default\">\n\t\t\t\t\t\t\t\t\t<div class=\"content\"><p>Somos una empresa con 40 a\u00f1os de experiencia, algo que no es fruto de la casualidad, sino de la inquietud, la dedicaci\u00f3n y la visi\u00f3n de su fundador.<\/p><\/div>\t\t\t\t\t\t\t\t<\/div>\n\t\t\t\t<\/div>\n\t\t<div class=\"elementor-element elementor-element-bd4315a e-con-full e-flex wpr-particle-no wpr-jarallax-no wpr-parallax-no wpr-sticky-section-no e-con e-child\" data-id=\"bd4315a\" data-element_type=\"container\">\n\t\t\t\t<div class=\"elementor-element elementor-element-e34e69c elementor-widget elementor-widget-image\" data-id=\"e34e69c\" data-element_type=\"widget\" data-widget_type=\"image.default\">\n\t\t\t\t\t\t\t\t\t\t\t\t\t\t\t<img fetchpriority=\"high\" decoding=\"async\" width=\"768\" height=\"663\" src=\"https:\/\/jocargrupo.com\/wp-content\/uploads\/2025\/03\/muebles-768x663.png\" class=\"attachment-medium_large size-medium_large wp-image-153\" alt=\"Sal\u00f3n Grupo Jocar\" srcset=\"https:\/\/jocargrupo.com\/wp-content\/uploads\/2025\/03\/muebles-768x663.png 768w, https:\/\/jocargrupo.com\/wp-content\/uploads\/2025\/03\/muebles-300x259.png 300w, https:\/\/jocargrupo.com\/wp-content\/uploads\/2025\/03\/muebles-1024x883.png 1024w, https:\/\/jocargrupo.com\/wp-content\/uploads\/2025\/03\/muebles-1536x1325.png 1536w, https:\/\/jocargrupo.com\/wp-content\/uploads\/2025\/03\/muebles-2048x1767.png 2048w, https:\/\/jocargrupo.com\/wp-content\/uploads\/2025\/03\/muebles-14x12.png 14w\" sizes=\"(max-width: 768px) 100vw, 768px\" \/>\t\t\t\t\t\t\t\t\t\t\t\t\t\t\t<\/div>\n\t\t\t\t<\/div>\n\t\t\t\t\t<\/div>\n\t\t\t\t<\/div>\n\t\t<div class=\"elementor-element elementor-element-linmzdn e-con-full e-flex wpr-particle-no wpr-jarallax-no wpr-parallax-no wpr-sticky-section-no e-con e-parent\" data-id=\"linmzdn\" data-element_type=\"container\">\n\t\t<div class=\"elementor-element elementor-element-e5856a5 e-con-full e-flex wpr-particle-no wpr-jarallax-no wpr-parallax-no wpr-sticky-section-no e-con e-child\" data-id=\"e5856a5\" data-element_type=\"container\" data-settings=\"{&quot;background_background&quot;:&quot;classic&quot;}\">\n\t\t\t\t<\/div>\n\t\t<div class=\"elementor-element elementor-element-52da0ea e-con-full e-flex wpr-particle-no wpr-jarallax-no wpr-parallax-no wpr-sticky-section-no e-con e-child\" data-id=\"52da0ea\" data-element_type=\"container\" data-settings=\"{&quot;background_background&quot;:&quot;classic&quot;}\">\n\t\t\t\t<div class=\"elementor-element elementor-element-730927d elementor-widget elementor-widget-heading\" data-id=\"730927d\" data-element_type=\"widget\" data-widget_type=\"heading.default\">\n\t\t\t\t\t<p class=\"elementor-heading-title elementor-size-default\">NUESTROS SERVICIOS\n<\/p>\t\t\t\t<\/div>\n\t\t\t\t<div class=\"elementor-element elementor-element-0f5d250 elementor-widget elementor-widget-heading\" data-id=\"0f5d250\" data-element_type=\"widget\" data-widget_type=\"heading.default\">\n\t\t\t\t\t<h3 class=\"elementor-heading-title elementor-size-default\">SOLUCIONES A TUS NECESIDADES\n<\/h3>\t\t\t\t<\/div>\n\t\t\t\t<div class=\"elementor-element elementor-element-76c64fc elementor-widget elementor-widget-text-editor\" data-id=\"76c64fc\" data-element_type=\"widget\" data-widget_type=\"text-editor.default\">\n\t\t\t\t\t\t\t\t\t<ul class=\"vk-list vk-list-service\"><li><div class=\"vk-icon vk-img-frame\"><strong><span style=\"font-size: 16px;\">Ebanisteria<\/span><\/strong><\/div><div class=\"vk-service-detail\"><p class=\"vk-text\">De nuestra f\u00e1brica salen productos muy especiales, ya sea por su complejidad o por su sencillez, por su dise\u00f1o o por su sobriedad.<\/p><\/div><\/li><li><div class=\"vk-icon vk-img-frame\"><strong><span style=\"font-size: 16px;\">Cocinas<\/span><\/strong><\/div><div class=\"vk-service-detail\"><p class=\"vk-text\">La sabidur\u00eda artesanal al servicio de la innovaci\u00f3n y del gusto, y hacer del dise\u00f1o un valor accesible.<\/p><\/div><\/li><li><div class=\"vk-icon vk-img-frame\"><strong><span style=\"font-size: 16px;\">Muebles<\/span><\/strong><\/div><div class=\"vk-service-detail\"><p class=\"vk-text\">En nuestra exposici\u00f3n podr\u00e1 encontrar una selecci\u00f3n de mobiliario y decoraci\u00f3n de todos los estilos, as\u00ed como las \u00faltimas tendencias presentadas en las m\u00e1s importantes ferias internacionales del mueble.<\/p><\/div><\/li><li><div class=\"vk-icon vk-img-frame\"><strong><span style=\"font-size: 16px;\">Reformas<\/span><\/strong><\/div><div class=\"vk-service-detail\"><p class=\"vk-text\">Nuestros mas de 40 a\u00f1os de experiencia en el sector , han hecho posible que nos rodeemos de grandes profesionales y as\u00ed poder adaptarnos a los deseos y necesidades del cliente.<\/p><\/div><\/li><\/ul>\t\t\t\t\t\t\t\t<\/div>\n\t\t\t\t<\/div>\n\t\t\t\t<\/div>\n\t\t\t\t<\/div>","protected":false},"excerpt":{"rendered":"<p>GRUPO JOCAR NOSOTROS LO HACEMOS POSIBLE PARA QUE T\u00da LO VIVAS EMPRESA GRUPO JOCAR Somos una empresa con 40 a\u00f1os de experiencia, algo que no es fruto de la casualidad, sino de la inquietud, la dedicaci\u00f3n y la visi\u00f3n de su fundador. NUESTROS SERVICIOS SOLUCIONES A TUS NECESIDADES Ebanisteria De nuestra f\u00e1brica salen productos muy especiales, ya sea por su complejidad o por su sencillez, por su dise\u00f1o o por su sobriedad. Cocinas La sabidur\u00eda artesanal al servicio de la innovaci\u00f3n y del gusto, y hacer del dise\u00f1o un valor accesible. Muebles En nuestra exposici\u00f3n podr\u00e1 encontrar una selecci\u00f3n de mobiliario y decoraci\u00f3n de todos los estilos, as\u00ed como las \u00faltimas tendencias presentadas en las m\u00e1s importantes ferias internacionales del mueble. Reformas Nuestros mas de 40 a\u00f1os de experiencia en el sector , han hecho posible que nos rodeemos de grandes profesionales y as\u00ed poder adaptarnos a los deseos y necesidades del cliente.<\/p>","protected":false},"author":1,"featured_media":0,"parent":0,"menu_order":0,"comment_status":"closed","ping_status":"closed","template":"elementor_header_footer","meta":{"footnotes":""},"class_list":["post-7","page","type-page","status-publish","hentry"],"_links":{"self":[{"href":"https:\/\/jocargrupo.com\/en\/wp-json\/wp\/v2\/pages\/7","targetHints":{"allow":["GET"]}}],"collection":[{"href":"https:\/\/jocargrupo.com\/en\/wp-json\/wp\/v2\/pages"}],"about":[{"href":"https:\/\/jocargrupo.com\/en\/wp-json\/wp\/v2\/types\/page"}],"author":[{"embeddable":true,"href":"https:\/\/jocargrupo.com\/en\/wp-json\/wp\/v2\/users\/1"}],"replies":[{"embeddable":true,"href":"https:\/\/jocargrupo.com\/en\/wp-json\/wp\/v2\/comments?post=7"}],"version-history":[{"count":73,"href":"https:\/\/jocargrupo.com\/en\/wp-json\/wp\/v2\/pages\/7\/revisions"}],"predecessor-version":[{"id":465,"href":"https:\/\/jocargrupo.com\/en\/wp-json\/wp\/v2\/pages\/7\/revisions\/465"}],"wp:attachment":[{"href":"https:\/\/jocargrupo.com\/en\/wp-json\/wp\/v2\/media?parent=7"}],"curies":[{"name":"wp","href":"https:\/\/api.w.org\/{rel}","templated":true}]}}