{"id":411,"date":"2025-09-30T16:44:54","date_gmt":"2025-09-30T14:44:54","guid":{"rendered":"https:\/\/jocargrupo.com\/?page_id=411"},"modified":"2025-09-30T16:53:54","modified_gmt":"2025-09-30T14:53:54","slug":"politica-de-cookies","status":"publish","type":"page","link":"https:\/\/jocargrupo.com\/en\/politica-de-cookies\/","title":{"rendered":"POL\u00cdTICA DE COOKIES"},"content":{"rendered":"<div data-elementor-type=\"wp-page\" data-elementor-id=\"411\" class=\"elementor elementor-411\">\n\t\t\t\t<div class=\"elementor-element elementor-element-fb87f66 e-flex e-con-boxed wpr-particle-no wpr-jarallax-no wpr-parallax-no wpr-sticky-section-no e-con e-parent\" data-id=\"fb87f66\" data-element_type=\"container\">\n\t\t\t\t\t<div class=\"e-con-inner\">\n\t\t\t\t<div class=\"elementor-element elementor-element-a5bc488 elementor-widget elementor-widget-text-editor\" data-id=\"a5bc488\" data-element_type=\"widget\" data-widget_type=\"text-editor.default\">\n\t\t\t\t\t\t\t\t\t<p>En cumplimiento de la Ley 34\/2002, de 11 de julio, de Servicios de la Sociedad de la<br \/>Informaci\u00f3n y Comercio Electr\u00f3nico le informamos de que este sitio web, al igual que la mayor\u00eda de los sitios en Internet, usa Cookies para mejorar y optimizar la experiencia del usuario. A continuaci\u00f3n, encontrar\u00e1 informaci\u00f3n detallada sobre qu\u00e9 son las \u201cCookies\u201d, qu\u00e9 tipolog\u00eda utiliza este sitio web, c\u00f3mo cambiar la configuraci\u00f3n de sus cookies, y qu\u00e9 ocurre si deshabilita las Cookies.<\/p><p><strong>\u00bfQu\u00e9 son las cookies?<\/strong><br \/>Una cookie es un peque\u00f1o archivo que se descarga en el equipo del usuario con la finalidad de almacenar datos, los cuales podr\u00e1n ser actualizados y recuperados por la entidad responsable de su instalaci\u00f3n.Las cookies son archivos que se encuentran en tu ordenador con el fin de recopilar informaci\u00f3n de registro de internet e informaci\u00f3n sobre el comportamiento del usuario. Se utiliza para conocer el uso que hace el usuario y para realizar estad\u00edsticas sobre la actividad en la p\u00e1gina web.<\/p><p><strong>Utilizaci\u00f3n de cookies en la web de SIGLO XXI PROYECTOS INTEGRALES, <\/strong><strong>S.L.<\/strong><br \/>La informaci\u00f3n proporcionada por las cookies nos puede ayudar a conocer el perfil de nuestros usuarios y a ofrecerte una mejor experiencia de usuario. SIGLO XXI PROYECTOS INTEGRALES, S.L., utiliza este tipo de informaci\u00f3n para ayudar a mejorar los servicios que presta a sus usuarios y las comunicaciones con ellos. Solo utilizamos cookies que sean necesarias para ofrecerle los servicios\/utilidades de nuestra p\u00e1gina web, siempre que as\u00ed lo hayas consentido.<\/p><p><strong>\u00bfQu\u00e9 tipo de Cookies utiliza esta p\u00e1gina web?<\/strong><br \/>Esta web utiliza cookies propias y de terceros. En funci\u00f3n de la entidad que gestione las cookies, se pueden clasificar en grupos:<br \/>Seg\u00fan la entidad que las gestiona:<br \/>\uf0b7 Cookies propias: aqu\u00e9llas que se env\u00edan al equipo terminal del usuario desde un equipo o dominio gestionado por el propio editor y desde el que se presta el servicio solicitado por el usuario.<br \/>\uf0b7 Cookies de terceros: Son aqu\u00e9llas que se env\u00edan al equipo terminal del usuario desde un equipo o dominio que no es gestionado por el editor, sino por otra entidad que trata los datos obtenidos a trav\u00e9s de las cookies.<br \/>Seg\u00fan el plazo de tiempo que permanezcan activadas en el equipo terminal se dividen en:<br \/>\uf0b7 Cookies de sesi\u00f3n: Est\u00e1n dise\u00f1adas para recabar y almacenar datos mientras el usuario accede a una p\u00e1gina web.<\/p><p>\uf0b7 Cookies persistentes: Tipo de cookies en el que los datos siguen almacenados en el terminal y pueden ser accedidos y tratados durante un periodo definido por el responsable de la cookie, y que puede ir de unos minutos a varios a\u00f1os.<br \/>Seg\u00fan su finalidad se clasifican del siguiente modo:<br \/>\uf0b7 Cookies t\u00e9cnicas: estas cookies permiten que el Sitio recuerde las elecciones realizadas, para proporcionar caracter\u00edsticas mejores y m\u00e1s adaptadas. En esta categor\u00eda se incluyen las cookies de terceros.<br \/>\uf0b7 Cookies de personalizaci\u00f3n: las cookies de personalizaci\u00f3n se instalan para mostrar anuncios m\u00e1s espec\u00edficos basados en tus intereses y para gestionar nuestra publicidad. Estas cookies recogen informaci\u00f3n sobre tus actividades en este y otros sitios para ofrecerte publicidad adaptada a tus intereses. Tambi\u00e9n son cookies de preferencias, tales como, por ejemplo, el idioma, el n\u00famero de resultados a mostrar cuando el usuario realiza una b\u00fasqueda, etc.<br \/>\uf0b7 Cookies de an\u00e1lisis: estas cookies se utilizan para proporcionarnos informaci\u00f3n estad\u00edstica sobre el funcionamiento de nuestro Sitio (p.ej. para contar visitas, conocer las fuentes de tr\u00e1fico, etc.).<br \/>\uf0b7 Cookies de redes sociales: las cookies de redes sociales recogen informaci\u00f3n sobre el uso de las redes sociales, para crear tu perfil.<\/p><p><strong>FORMA DE ACEPTAR, DENEGAR, REVOCAR EL CONSENTIMIENTO O<\/strong><br \/><strong>ELIMINAR LAS COOKIES<\/strong><br \/>Se permite al usuario la posibilidad de otorgar o denegar su consentimiento al uso de cookies a trav\u00e9s de un aviso informativo que aparece en la pantalla al acceder por primera vez al sitio web. El aviso, se mantendr\u00e1 hasta que se otorgue el consentimiento, lo deniegue o configure las cookies seg\u00fan sus preferencias personales.<br \/>El usuario podr\u00e1 retirar el consentimiento previamente otorgado o configurar las cookies en cualquier momento mediante el panel de configuraci\u00f3n. Mediante este panel, el usuario puede optar entre aceptar o no las cookies utilizadas, as\u00ed como configurarlas en cualquier momento.<br \/>Le informamos que SIGLO XXI PROYECTOS INTEGRALES, S.L. utiliza cookies propias y de terceros para activar funciones b\u00e1sicas de navegaci\u00f3n, as\u00ed como para analizar la navegaci\u00f3n de los usuarios por el sitio web y el uso de los servicios y productos que en \u00e9l se ofrecen. De conformidad con las normativas aplicables en materia de cookies, podemos almacenar cookies en el dispositivo del usuario si son estrictamente necesarias para el funcionamiento de esta p\u00e1gina. Para todos los dem\u00e1s tipos de cookies, debemos solicitar el consentimiento.<br \/>A continuaci\u00f3n, se explican algunas de las cookies que utilizamos y por qu\u00e9 las<br \/>utilizamos:<\/p>\t\t\t\t\t\t\t\t<\/div>\n\t\t\t\t<div class=\"elementor-element elementor-element-fd6ef5b elementor-widget elementor-widget-image\" data-id=\"fd6ef5b\" data-element_type=\"widget\" data-widget_type=\"image.default\">\n\t\t\t\t\t\t\t\t\t\t\t\t\t\t\t<img fetchpriority=\"high\" decoding=\"async\" width=\"686\" height=\"161\" src=\"https:\/\/jocargrupo.com\/wp-content\/uploads\/2025\/09\/Captura-de-pantalla-2025-09-30-164917.png\" class=\"attachment-large size-large wp-image-416\" alt=\"\" srcset=\"https:\/\/jocargrupo.com\/wp-content\/uploads\/2025\/09\/Captura-de-pantalla-2025-09-30-164917.png 686w, https:\/\/jocargrupo.com\/wp-content\/uploads\/2025\/09\/Captura-de-pantalla-2025-09-30-164917-300x70.png 300w, https:\/\/jocargrupo.com\/wp-content\/uploads\/2025\/09\/Captura-de-pantalla-2025-09-30-164917-18x4.png 18w\" sizes=\"(max-width: 686px) 100vw, 686px\" \/>\t\t\t\t\t\t\t\t\t\t\t\t\t\t\t<\/div>\n\t\t\t\t<div class=\"elementor-element elementor-element-2ad94c9 elementor-widget elementor-widget-image\" data-id=\"2ad94c9\" data-element_type=\"widget\" data-widget_type=\"image.default\">\n\t\t\t\t\t\t\t\t\t\t\t\t\t\t\t<img decoding=\"async\" width=\"672\" height=\"495\" src=\"https:\/\/jocargrupo.com\/wp-content\/uploads\/2025\/09\/Captura-de-pantalla-2025-09-30-165004.png\" class=\"attachment-large size-large wp-image-417\" alt=\"\" srcset=\"https:\/\/jocargrupo.com\/wp-content\/uploads\/2025\/09\/Captura-de-pantalla-2025-09-30-165004.png 672w, https:\/\/jocargrupo.com\/wp-content\/uploads\/2025\/09\/Captura-de-pantalla-2025-09-30-165004-300x221.png 300w, https:\/\/jocargrupo.com\/wp-content\/uploads\/2025\/09\/Captura-de-pantalla-2025-09-30-165004-16x12.png 16w\" sizes=\"(max-width: 672px) 100vw, 672px\" \/>\t\t\t\t\t\t\t\t\t\t\t\t\t\t\t<\/div>\n\t\t\t\t\t<\/div>\n\t\t\t\t<\/div>\n\t\t<div class=\"elementor-element elementor-element-7838fd6 e-flex e-con-boxed wpr-particle-no wpr-jarallax-no wpr-parallax-no wpr-sticky-section-no e-con e-parent\" data-id=\"7838fd6\" data-element_type=\"container\">\n\t\t\t\t\t<div class=\"e-con-inner\">\n\t\t\t\t<div class=\"elementor-element elementor-element-f62dc40 elementor-widget elementor-widget-text-editor\" data-id=\"f62dc40\" data-element_type=\"widget\" data-widget_type=\"text-editor.default\">\n\t\t\t\t\t\t\t\t\t<p><strong>DESHABILITACI\u00d3N DE COOKIES<\/strong><br \/>Con relaci\u00f3n a las cookies proporcionadas por el navegador que el usuario est\u00e9 utilizando, tenga en cuenta que, si acepta las cookies de terceros, deber\u00e1 eliminarlas desde las opciones dadas en el navegador. Como usuario, puede restringir, bloquear o borrar las cookies de las p\u00e1ginas web. Pr\u00e1cticamente todos los navegadores actuales permiten cambiar la configuraci\u00f3n de Cookies. Los ajustes pueden realizarse dentro del men\u00fa de su navegador en opciones o preferencias. Dado que cada navegador utiliza una operativa diferente, la funci\u00f3n ayuda de su navegador le indicar\u00e1 como hacerlo<br \/>\uf0b7 Internet Explorer ver informaci\u00f3n de su pol\u00edtica de cookies.<br \/>\uf0b7 FireFox ver informaci\u00f3n de su pol\u00edtica de cookies.<br \/>\uf0b7 Chrome ver informaci\u00f3n de su pol\u00edtica de cookies.<br \/>\uf0b7 Safari ver informaci\u00f3n de su pol\u00edtica de cookies.<br \/>A continuaci\u00f3n, se ofrece informaci\u00f3n e indicaciones sobre los pasos para acceder al men\u00fa de configuraci\u00f3n de las cookies y, en su caso, de la navegaci\u00f3n privada en cada uno de los navegadores principales:<br \/>\uf0b7 Internet Explorer: Herramientas -&gt; Opciones de Internet -&gt; Privacidad -&gt; Configuraci\u00f3n. Para m\u00e1s informaci\u00f3n, puede consultar el soporte de Microsoft o la Ayuda del navegador.<\/p><p>\uf0b7 Firefox: Herramientas -&gt; Opciones -&gt; Privacidad -&gt; Historial -&gt; Configuraci\u00f3n<br \/>Personalizada. Para m\u00e1s informaci\u00f3n, puede consultar el soporte de Mozilla o la Ayuda del navegador.<br \/>\uf0b7 Chrome: Configuraci\u00f3n -&gt; Mostrar opciones avanzadas -&gt; Privacidad -&gt; Configuraci\u00f3n de contenido. Para m\u00e1s informaci\u00f3n, puede consultar el soporte de Google o la Ayuda del navegador.<br \/>\uf0b7 Safari: Preferencias -&gt; Seguridad. Para m\u00e1s informaci\u00f3n, puede consultar el soporte de Apple o la Ayuda del navegador.<br \/>As\u00ed mismo, existen herramientas para la gesti\u00f3n del almacenamiento de sus cookies<br \/>como las siguientes:<br \/>\uf0b7 Ghostery: www.ghostery.com\/<br \/>\uf0b7 Your online choices: www.youronlinechoices.com\/es\/<br \/>En cualquier caso, puede encontrar m\u00e1s informaci\u00f3n al respecto e inhabilitar el uso de estas cookies www.google.es\/intl\/es\/analytics\/privacyoverview.html .<\/p><p>INFORMACI\u00d3N SOBRE TRANSFERENCIAS DE DATOS A TERCEROS PA\u00cdSES<br \/>En caso de tener lugar transferencias de datos personales a un tercer pa\u00eds u organizaci\u00f3n internacional y, en el caso de las transferencias indicadas en el art\u00edculo 49, apartado 1, p\u00e1rrafo segundo del RGPD, se llevar\u00e1n a cabo con las garant\u00edas adecuadas.<\/p><p>PERIODO DE CONSERVACI\u00d3N DE LOS DATOS RECABADOS<br \/>SIGLO XXI PROYECTOS INTEGRALES, S.L. conservar\u00e1 los datos no m\u00e1s conservar\u00e1n tiempo del necesario para los fines descritos anteriormente, sin perjuicio de la conservaci\u00f3n que resultase necesaria para la formulaci\u00f3n, el ejercicio o la defensa de potenciales reclamaciones y\/o siempre que lo permitiese la legislaci\u00f3n aplicable.<\/p><p>ACTUALIZACIONES Y CAMBIOS EN LA POL\u00cdTICA DE COOKIES DE LA WEB<br \/>La Web de SIGLO XXI PROYECTOS INTEGRALES, S.L. puede modificar esta Pol\u00edtica de Cookies en funci\u00f3n de exigencias legislativas, reglamentarias, o con la finalidad de adaptar dicha pol\u00edtica a las instrucciones dictadas por la Agencia Espa\u00f1ola de Protecci\u00f3n de Datos, por ello se aconseja a los usuarios que la visiten peri\u00f3dicamente. Cuando se produzcan cambios significativos en esta Pol\u00edtica de Cookies, se comunicar\u00e1n a los usuarios mediante la web. Para cualquier consulta puede ponerse en contacto con nosotros en la siguiente direcci\u00f3n de correo: info@jocargrupo.com.<br \/>OTRA INFORMACI\u00d3N DEL ART. 13 DEL RGPD<br \/>En relaci\u00f3n con la informaci\u00f3n exigida por el art\u00edculo 13 del RGPD que no se refiere de forma espec\u00edfica a las cookies est\u00e1 disponible para el usuario en la pol\u00edtica de privacidad del sitio web.<\/p>\t\t\t\t\t\t\t\t<\/div>\n\t\t\t\t\t<\/div>\n\t\t\t\t<\/div>\n\t\t\t\t<\/div>","protected":false},"excerpt":{"rendered":"<p>En cumplimiento de la Ley 34\/2002, de 11 de julio, de Servicios de la Sociedad de laInformaci\u00f3n y Comercio Electr\u00f3nico le informamos de que este sitio web, al igual que la mayor\u00eda de los sitios en Internet, usa Cookies para mejorar y optimizar la experiencia del usuario. A continuaci\u00f3n, encontrar\u00e1 informaci\u00f3n detallada sobre qu\u00e9 son las \u201cCookies\u201d, qu\u00e9 tipolog\u00eda utiliza este sitio web, c\u00f3mo cambiar la configuraci\u00f3n de sus cookies, y qu\u00e9 ocurre si deshabilita las Cookies. \u00bfQu\u00e9 son las cookies?Una cookie es un peque\u00f1o archivo que se descarga en el equipo del usuario con la finalidad de almacenar datos, los cuales podr\u00e1n ser actualizados y recuperados por la entidad responsable de su instalaci\u00f3n.Las cookies son archivos que se encuentran en tu ordenador con el fin de recopilar informaci\u00f3n de registro de internet e informaci\u00f3n sobre el comportamiento del usuario. Se utiliza para conocer el uso que hace el usuario y para realizar estad\u00edsticas sobre la actividad en la p\u00e1gina web. Utilizaci\u00f3n de cookies en la web de SIGLO XXI PROYECTOS INTEGRALES, S.L.La informaci\u00f3n proporcionada por las cookies nos puede ayudar a conocer el perfil de nuestros usuarios y a ofrecerte una mejor experiencia de usuario. SIGLO XXI PROYECTOS INTEGRALES, S.L., utiliza este tipo de informaci\u00f3n para ayudar a mejorar los servicios que presta a sus usuarios y las comunicaciones con ellos. Solo utilizamos cookies que sean necesarias para ofrecerle los servicios\/utilidades de nuestra p\u00e1gina web, siempre que as\u00ed lo hayas consentido. \u00bfQu\u00e9 tipo de Cookies utiliza esta p\u00e1gina web?Esta web utiliza cookies propias y de terceros. En funci\u00f3n de la entidad que gestione las cookies, se pueden clasificar en grupos:Seg\u00fan la entidad que las gestiona:\uf0b7 Cookies propias: aqu\u00e9llas que se env\u00edan al equipo terminal del usuario desde un equipo o dominio gestionado por el propio editor y desde el que se presta el servicio solicitado por el usuario.\uf0b7 Cookies de terceros: Son aqu\u00e9llas que se env\u00edan al equipo terminal del usuario desde un equipo o dominio que no es gestionado por el editor, sino por otra entidad que trata los datos obtenidos a trav\u00e9s de las cookies.Seg\u00fan el plazo de tiempo que permanezcan activadas en el equipo terminal se dividen en:\uf0b7 Cookies de sesi\u00f3n: Est\u00e1n dise\u00f1adas para recabar y almacenar datos mientras el usuario accede a una p\u00e1gina web. \uf0b7 Cookies persistentes: Tipo de cookies en el que los datos siguen almacenados en el terminal y pueden ser accedidos y tratados durante un periodo definido por el responsable de la cookie, y que puede ir de unos minutos a varios a\u00f1os.Seg\u00fan su finalidad se clasifican del siguiente modo:\uf0b7 Cookies t\u00e9cnicas: estas cookies permiten que el Sitio recuerde las elecciones realizadas, para proporcionar caracter\u00edsticas mejores y m\u00e1s adaptadas. En esta categor\u00eda se incluyen las cookies de terceros.\uf0b7 Cookies de personalizaci\u00f3n: las cookies de personalizaci\u00f3n se instalan para mostrar anuncios m\u00e1s espec\u00edficos basados en tus intereses y para gestionar nuestra publicidad. Estas cookies recogen informaci\u00f3n sobre tus actividades en este y otros sitios para ofrecerte publicidad adaptada a tus intereses. Tambi\u00e9n son cookies de preferencias, tales como, por ejemplo, el idioma, el n\u00famero de resultados a mostrar cuando el usuario realiza una b\u00fasqueda, etc.\uf0b7 Cookies de an\u00e1lisis: estas cookies se utilizan para proporcionarnos informaci\u00f3n estad\u00edstica sobre el funcionamiento de nuestro Sitio (p.ej. para contar visitas, conocer las fuentes de tr\u00e1fico, etc.).\uf0b7 Cookies de redes sociales: las cookies de redes sociales recogen informaci\u00f3n sobre el uso de las redes sociales, para crear tu perfil. FORMA DE ACEPTAR, DENEGAR, REVOCAR EL CONSENTIMIENTO OELIMINAR LAS COOKIESSe permite al usuario la posibilidad de otorgar o denegar su consentimiento al uso de cookies a trav\u00e9s de un aviso informativo que aparece en la pantalla al acceder por primera vez al sitio web. El aviso, se mantendr\u00e1 hasta que se otorgue el consentimiento, lo deniegue o configure las cookies seg\u00fan sus preferencias personales.El usuario podr\u00e1 retirar el consentimiento previamente otorgado o configurar las cookies en cualquier momento mediante el panel de configuraci\u00f3n. Mediante este panel, el usuario puede optar entre aceptar o no las cookies utilizadas, as\u00ed como configurarlas en cualquier momento.Le informamos que SIGLO XXI PROYECTOS INTEGRALES, S.L. utiliza cookies propias y de terceros para activar funciones b\u00e1sicas de navegaci\u00f3n, as\u00ed como para analizar la navegaci\u00f3n de los usuarios por el sitio web y el uso de los servicios y productos que en \u00e9l se ofrecen. De conformidad con las normativas aplicables en materia de cookies, podemos almacenar cookies en el dispositivo del usuario si son estrictamente necesarias para el funcionamiento de esta p\u00e1gina. Para todos los dem\u00e1s tipos de cookies, debemos solicitar el consentimiento.A continuaci\u00f3n, se explican algunas de las cookies que utilizamos y por qu\u00e9 lasutilizamos: DESHABILITACI\u00d3N DE COOKIESCon relaci\u00f3n a las cookies proporcionadas por el navegador que el usuario est\u00e9 utilizando, tenga en cuenta que, si acepta las cookies de terceros, deber\u00e1 eliminarlas desde las opciones dadas en el navegador. Como usuario, puede restringir, bloquear o borrar las cookies de las p\u00e1ginas web. Pr\u00e1cticamente todos los navegadores actuales permiten cambiar la configuraci\u00f3n de Cookies. Los ajustes pueden realizarse dentro del men\u00fa de su navegador en opciones o preferencias. Dado que cada navegador utiliza una operativa diferente, la funci\u00f3n ayuda de su navegador le indicar\u00e1 como hacerlo\uf0b7 Internet Explorer ver informaci\u00f3n de su pol\u00edtica de cookies.\uf0b7 FireFox ver informaci\u00f3n de su pol\u00edtica de cookies.\uf0b7 Chrome ver informaci\u00f3n de su pol\u00edtica de cookies.\uf0b7 Safari ver informaci\u00f3n de su pol\u00edtica de cookies.A continuaci\u00f3n, se ofrece informaci\u00f3n e indicaciones sobre los pasos para acceder al men\u00fa de configuraci\u00f3n de las cookies y, en su caso, de la navegaci\u00f3n privada en cada uno de los navegadores principales:\uf0b7 Internet Explorer: Herramientas -&gt; Opciones de Internet -&gt; Privacidad -&gt; Configuraci\u00f3n. Para m\u00e1s informaci\u00f3n, puede consultar el soporte de Microsoft o la Ayuda del navegador. \uf0b7 Firefox: Herramientas -&gt; Opciones -&gt; Privacidad -&gt; Historial -&gt; Configuraci\u00f3nPersonalizada. Para m\u00e1s informaci\u00f3n, puede consultar el soporte de Mozilla o la Ayuda del navegador.\uf0b7 Chrome: Configuraci\u00f3n -&gt; Mostrar opciones avanzadas -&gt; Privacidad -&gt; Configuraci\u00f3n de contenido. Para m\u00e1s informaci\u00f3n, puede consultar el soporte de<\/p>","protected":false},"author":1,"featured_media":0,"parent":0,"menu_order":0,"comment_status":"closed","ping_status":"closed","template":"","meta":{"footnotes":""},"class_list":["post-411","page","type-page","status-publish","hentry"],"_links":{"self":[{"href":"https:\/\/jocargrupo.com\/en\/wp-json\/wp\/v2\/pages\/411","targetHints":{"allow":["GET"]}}],"collection":[{"href":"https:\/\/jocargrupo.com\/en\/wp-json\/wp\/v2\/pages"}],"about":[{"href":"https:\/\/jocargrupo.com\/en\/wp-json\/wp\/v2\/types\/page"}],"author":[{"embeddable":true,"href":"https:\/\/jocargrupo.com\/en\/wp-json\/wp\/v2\/users\/1"}],"replies":[{"embeddable":true,"href":"https:\/\/jocargrupo.com\/en\/wp-json\/wp\/v2\/comments?post=411"}],"version-history":[{"count":13,"href":"https:\/\/jocargrupo.com\/en\/wp-json\/wp\/v2\/pages\/411\/revisions"}],"predecessor-version":[{"id":426,"href":"https:\/\/jocargrupo.com\/en\/wp-json\/wp\/v2\/pages\/411\/revisions\/426"}],"wp:attachment":[{"href":"https:\/\/jocargrupo.com\/en\/wp-json\/wp\/v2\/media?parent=411"}],"curies":[{"name":"wp","href":"https:\/\/api.w.org\/{rel}","templated":true}]}}