{"id":403,"date":"2025-09-30T16:34:44","date_gmt":"2025-09-30T14:34:44","guid":{"rendered":"https:\/\/jocargrupo.com\/?page_id=403"},"modified":"2025-09-30T16:44:14","modified_gmt":"2025-09-30T14:44:14","slug":"aviso-legal","status":"publish","type":"page","link":"https:\/\/jocargrupo.com\/en\/aviso-legal\/","title":{"rendered":"AVISO LEGAL"},"content":{"rendered":"<div data-elementor-type=\"wp-page\" data-elementor-id=\"403\" class=\"elementor elementor-403\">\n\t\t\t\t<div class=\"elementor-element elementor-element-fb87f66 e-flex e-con-boxed wpr-particle-no wpr-jarallax-no wpr-parallax-no wpr-sticky-section-no e-con e-parent\" data-id=\"fb87f66\" data-element_type=\"container\">\n\t\t\t\t\t<div class=\"e-con-inner\">\n\t\t\t\t<div class=\"elementor-element elementor-element-a5bc488 elementor-widget elementor-widget-text-editor\" data-id=\"a5bc488\" data-element_type=\"widget\" data-widget_type=\"text-editor.default\">\n\t\t\t\t\t\t\t\t\t<p><strong>Informaci\u00f3n general<\/strong><br>Gracias por visitar nuestra web. Esperamos que disfrutes navegando por ella y conociendo el detalle de nuestros productos y servicios.<br>En cumplimiento del deber de informaci\u00f3n contemplado en la normativa vigente sobre Servicios de la Sociedad de la Informaci\u00f3n y del Comercio Electr\u00f3nico. Te recomendamos que leas atentamente las presentes condiciones antes de que comiences con su uso.<br>A continuaci\u00f3n, te indicamos los datos de informaci\u00f3n general de nuestro sitio web:<\/p>\n<ul>\n<li>Responsable de la presente web: SIGLO XXI PROYECTOS INTEGRALES, S.L.<br>DNI\/CIF: B54499736<\/li>\n<li>Direcci\u00f3n: CL. DOCTOR GAITAN 6 &#8211; 03202 &#8211; ELCHE (ALICANTE)<\/li>\n<li>Dominio internet: 965 450 729<\/li>\n<li>Atendiendo a comunicaciones de los usuarios y\/o interesados en la siguiente direcci\u00f3n de correo electr\u00f3nico: exposicion@jocargrupo.com o 965 450 729<\/li>\n<\/ul>\n<p><strong>1.- CONCEPTO DE USUARIO<\/strong><br>USUARIO es todo aquel que accede a la web, utilice o no los contenidos o informaci\u00f3n el ella dispuestos.<br>El USUARIO manifiesta y acepta expresamente que el acceso a la web supone en toda su extensi\u00f3n el compromiso inequ\u00edvoco de cumplimiento de todas y cada una de las condiciones generales de mero acceso y utilizaci\u00f3n de cualquiera de los contenidos presentados por la web.<br>En todo caso, si el USUARIO no entendiera o asumiera el cumplimiento de todo o parte de las citadas condiciones generales no deber\u00e1 acceder ni utilizar la web.<br>En consecuencia, el Usuario debe leer atentamente el presente Aviso Legal y Pol\u00edtica de Privacidad en cada una de las ocasiones en que se proponga utilizar la web, ya que puede sufrir modificaciones.<br>En el caso de que pueda surgir alguna duda de la lectura del Aviso Legal y Pol\u00edtica de Privacidad, no duden en ponerse en contacto con el titular de la web en la direcci\u00f3n arriba indicada del responsable.<br><strong>2.- OBJETO<\/strong><br>El titular de la web, por medio de \u00e9sta, pone a disposici\u00f3n del USUARIO el acceso a una serie de contenidos e informaciones que pueden ser prestados por el propio titular o por terceros.<br>Asimismo, el titular se reserva el derecho de, en cualquier momento, poder modificar la ubicaci\u00f3n en la web de los contenidos que disponga, as\u00ed como la configuraci\u00f3n tanto de los propios contenidos o informaciones como del acceso a los mismos.<\/p>\n<p><strong>3.- CONDICIONES DE ACCESO Y UTILIZACI\u00d3N DE LA WEB<\/strong><\/p>\n<p><strong>3.1.- ACCESO Y UTILIZACI\u00d3N GENERAL DE LA WEB REALIZADO POR PARTE DE UN USUARIO<\/strong>.<\/p>\n<p>El USUARIO acepta expresa e inequ\u00edvocamente que el acceso y utilizaci\u00f3n de la web no implica ning\u00fan tipo de garant\u00eda, a la que expresamente se renuncia por parte del titular, respecto a la idoneidad de los contenidos incluidos en las mismas para fines particulares o espec\u00edficos del USUARIO. En consecuencia, tanto el acceso a la web como la utilizaci\u00f3n de los contenidos e informaciones se efect\u00faa bajo la exclusiva responsabilidad del USUARIO, y el titular no responder\u00e1 en ning\u00fan caso y en ninguna medida, ni por da\u00f1os directos ni indirectos, ni por da\u00f1o emergente, por los eventuales perjuicios derivados de la utilizaci\u00f3n de los contenidos o de las conclusiones que el propio USUARIO extraiga de la utilizaci\u00f3n de los mismos.<br><strong>3.2.- USO AUTORIZADO DE LA WEB Y DE LOS CONTENIDOS<\/strong>. El Usuario consiente expresa e inequ\u00edvocamente que realizar\u00e1 un acceso a la web y, en su caso, utilizaci\u00f3n de la misma y de los contenidos en ella dispuestos conforme a las presentes condiciones generales, las condiciones particulares que en su caso puedan disponerse para cada contenido, as\u00ed como de la dem\u00e1s normativa aplicable, a los buenos usos y costumbres, a la buena fe y al orden p\u00fablico.<br>En todo caso, y con car\u00e1cter puramente enunciativo, el Usuario se compromete a:<br>a) No realizar accesos o usos de la web o de sus contenidos, no permitidos o contrarios al objeto de la web y al marco normativo que lo regula.<br>b) Acceder y\/o utilizar la web y\/o los contenidos dentro de los principios y fines para los que los mismos fueron creados y puestos a disposici\u00f3n del USUARIO. En aras al cumplimiento de estos principios y fines, el USUARIO, con car\u00e1cter enunciativo y no limitativo, se compromete a: b.1) no realizar ni intentar realizar actuaciones que conlleven o puedan conllevar da\u00f1os de manera directa o indirecta, con car\u00e1cter general, sobre la web y los contenidos; b.2) no realizar o intentar realizar actuaciones que afecten, ya sea, entre otras, modificando, manipulando o eliminando las referencias o los formatos de las referencias o menciones sobre protecci\u00f3n de derechos de propiedad intelectual o industrial del titular o de terceros, tanto de la propia web como de los contenidos en \u00e9l dispuestos y dem\u00e1s elementos que lo componen; b.3) no realizar actuaciones que da\u00f1en o puedan da\u00f1ar los sistemas del titular o de terceros, o que en su caso afecten o puedan afectar al normal desarrollo del objeto de la web. Dentro de estas actuaciones se incluyen la introducci\u00f3n de virus inform\u00e1ticos en los sistemas del titular, de los USUARIOS o de cualquier tercero que afecten o puedan afectar de alguna manera a la web, as\u00ed como las actuaciones tendentes a la difusi\u00f3n de dichos virus tanto en la web como en la red a trav\u00e9s de la web.<br>c) El USUARIO responder\u00e1 de todos los da\u00f1os y perjuicios, de cualquier naturaleza, que el titular, cualquier otro USUARIO o un tercero pueda sufrir como consecuencia del uso indebido que los mismos realicen de la web o de los contenidos dispuestos en \u00e9l.<br><strong>3.3.- LOS CONTENIDOS<\/strong>: El USUARIO manifiesta expresa e inequ\u00edvocamente que se compromete a no reproducir o copiar, distribuir, permitir el acceso del p\u00fablico a trav\u00e9s de cualquier modalidad de comunicaci\u00f3n p\u00fablica, transformar o modificar los CONTENIDOS.<br><strong>4.- ACTIVIDAD COMERCIAL<\/strong><br>La mera exposici\u00f3n de productos y\/o servicios y la informaci\u00f3n acerca de los mismos<br>suministrada por el titular de la web o mediante enlaces a otros Websites de mercantiles relacionadas de forma comercial y empresarial con SIGLO XXI PROYECTOS INTEGRALES, S.L. La finalidad de los links que aparecen en esta Web es exclusivamente informativa.<br><strong>5.- DERECHOS DE PROPIEDAD INDUSTRIAL E INTELECTUAL<\/strong><br>Los contenidos e informaciones prestados por SIGLO XXI PROYECTOS INTEGRALES, S.L., as\u00ed como los contenidos vertidos en la red a trav\u00e9s de su p\u00e1gina web y los links correspondientes se hallan protegidos por las leyes y convenios internacionales aplicables en materia sobre propiedad intelectual. Queda prohibida cualquier forma de reproducci\u00f3n, distribuci\u00f3n, comunicaci\u00f3n p\u00fablica, transformaci\u00f3n, puesta a disposici\u00f3n y, en general, cualquier otro acto de explotaci\u00f3n p\u00fablica referido tanto a las p\u00e1ginas Web como a sus contenidos e informaci\u00f3n. En consecuencia, todos los contenidos que se muestran en los Websites y en especial, dise\u00f1os, textos, gr\u00e1ficos, logos, iconos, botones, software, nombres comerciales, marcas, dibujos industriales o cualesquiera otros signos susceptibles de utilizaci\u00f3n industrial y comercial est\u00e1n sujetos a derechos de propiedad intelectual e industrial de SIGLO XXI PROYECTOS INTEGRALES, S.L. o de terceros titulares de los mismos que han autorizado debidamente su inclusi\u00f3n en la web.<br>Los contenidos, im\u00e1genes, formas, \u00edndices y dem\u00e1s expresiones formales que formen parte de las p\u00e1ginas Web, as\u00ed como el software necesario para el funcionamiento y visualizaci\u00f3n de las mismas, constituyen asimismo una obra en el sentido del Derecho de Autor y quedan, por lo tanto, protegidas por las convenciones internacionales y legislaciones nacionales en materia de Propiedad intelectual que resulten aplicables<\/p>\n<p>En concreto, y sin car\u00e1cter exhaustivo, quedan prohibidos los actos de reproducci\u00f3n, distribuci\u00f3n, exhibici\u00f3n, transmisi\u00f3n, retransmisi\u00f3n, emisi\u00f3n en cualquier forma, almacenamiento en soportes f\u00edsicos o l\u00f3gicos (por ejemplo, disquetes o disco duro de ordenadores), digitalizaci\u00f3n o puesta a disposici\u00f3n desde bases de datos distintas de las pertenecientes a las autorizadas por SIGLO XXI PROYECTOS INTEGRALES, S.L., as\u00ed como su traducci\u00f3n, adaptaci\u00f3n, arreglo o cualquier otra transformaci\u00f3n de dichas informaciones, im\u00e1genes, formas, \u00edndices y dem\u00e1s expresiones formales o frases comerciales que se pongan a disposici\u00f3n de los Usuarios a trav\u00e9s de los servicios o contenidos, en tanto tales actos est\u00e9n sometidos a la legislaci\u00f3n aplicable en materia de Propiedad intelectual, industrial o de protecci\u00f3n de la imagen.<br>Quedan prohibidos cualesquiera de los recursos t\u00e9cnicos, l\u00f3gicos o tecnol\u00f3gicos por virtud de los cuales un tercero pueda beneficiarse, directa o indirectamente, con o sin lucro, de todos y cada uno de los contenidos, formas, \u00edndices y dem\u00e1s expresiones formales que formen parte de las p\u00e1ginas Web, o del esfuerzo llevado a cabo por SIGLO XXI PROYECTOS INTEGRALES, S.L. para su funcionamiento.<\/p>\n<p><strong>6.- EXCLUSI\u00d3N DE GARANT\u00cdAS Y RESPONSABILIDAD.<\/strong><\/p>\n<p><strong>6.1. EXCLUSI\u00d3N DE GARANT\u00cdAS Y DE RESPONSABILIDAD POR EL FUNCIONAMIENTO DE LA WEB. <\/strong><\/p>\n<p>El titular no garantiza la disponibilidad y continuidad del funcionamiento de la web o de aquellos otros sitios web con los que se haya establecido un Enlace. Asimismo, el titular no ser\u00e1 en ning\u00fan caso responsable por cualesquiera da\u00f1os y perjuicios que puedan derivarse de a) la falta de disponibilidad o accesibilidad a la web o a aquellos otros sitios con los que se haya establecido un Enlace; b) la interrupci\u00f3n en el funcionamiento de la web o fallos inform\u00e1ticos, aver\u00edas telef\u00f3nicas, desconexiones, retrasos o bloqueos causados por deficiencias o sobrecargas en las l\u00edneas telef\u00f3nicas, en el sistema de Internet o en otros sistemas electr\u00f3nicos producidos en el curso de su funcionamiento; c) la falta de idoneidad de la web para las necesidades espec\u00edficas de los USUARIOS y d) otros da\u00f1os que puedan ser causados por terceras personas mediante intromisiones ajenas al control del titular.<br>El titular no garantiza la ausencia de virus ni de otros elementos en la web introducidos por terceros ajenos al titular que puedan producir alteraciones en los sistemas f\u00edsicos o l\u00f3gicos de los USUARIOS o en los documentos electr\u00f3nicos y ficheros almacenados en sus sistemas, tales como salvapantallas o fondos de pantalla. En consecuencia, el titular no ser\u00e1 en ning\u00fan caso responsable de cualesquiera de los da\u00f1os y perjuicios de toda naturaleza que pudieran derivarse de la presencia de virus u otros elementos que puedan producir alteraciones en los sistemas f\u00edsicos o l\u00f3gicos, documentos electr\u00f3nicos o ficheros de los USUARIOS.<\/p>\n<p><strong>6.2.- EXCLUSI\u00d3N DE GARANT\u00cdAS Y DE RESPONSABILIDAD POR LA UTILIZACI\u00d3N DE LA WEB. <\/strong><\/p>\n<p>El titular no se har\u00e1 responsable en ning\u00fan caso del uso que los USUARIOS y\/o terceros pudieran hacer de la web o los contenidos e informaciones, ni de los da\u00f1os y perjuicios que pudieran derivarse del mismo.<\/p>\n<p><strong>7.- EMPLEO DE COOKIES Y ENLACES<br><\/strong><br><strong>7.1.- COOKIES<\/strong>. El USUARIO manifiesta y autoriza expresa e inequ\u00edvocamente a que el titular utilice, si as\u00ed lo estima conveniente, \u201ccookies\u201d, cuando se acceda y\/o se utilice la web por parte del USUARIO. Dichas \u201ccookies\u201d podr\u00e1n ser rechazadas voluntariamente por el USUARIO.<br><strong>7.2.- ENLACES<\/strong>. Todos aquellos que pretendan establecer un enlace, hiperv\u00ednculo entre su p\u00e1gina Web y la presente web deber\u00e1n obtener con car\u00e1cter previo la autorizaci\u00f3n del titular. Web en la que se establezca el enlace no podr\u00e1 contener signos distintivos que puedan inducir a entender la existencia de una relaci\u00f3n de asociaci\u00f3n (al no existir) entre los servicios, productos y contenidos dispuestos y prestados en la p\u00e1gina Web y los dispuestos y prestados a trav\u00e9s de la web.<\/p>\n<p><strong>8.- NULIDAD PARCIAL<br><\/strong><br>Si cualquier cl\u00e1usula del presente aviso legal de esta web fuese declarada total o parcialmente nula o ineficaz afectar\u00e1 tan solo a dicha disposici\u00f3n o a la parte de la misma que resulte nula o ineficaz, subsistiendo en todo lo dem\u00e1s, el resto del condicionado del aviso legal y teni\u00e9ndose tal disposici\u00f3n o la parte de la misma que resulte afectada por no puesta salvo que, por resultar esencial a las presentes cl\u00e1usulas, hubiese de afectarlas de forma integral en su totalidad.<\/p>\n<p><strong>9.- INCUMPLIMIENTO, LEY APLICABLE Y JURISDICCI\u00d3N<\/strong><\/p>\n<p>El titular se reserva el derecho a ejercer cuantas acciones est\u00e9n disponibles en derecho para exigir las responsabilidades que se deriven del incumplimiento de cualquiera de las disposiciones de este Aviso Legal por parte de un USUARIO. La prestaci\u00f3n del servicio de la web y las presentes cl\u00e1usulas se rigen por la Ley Espa\u00f1ola.<\/p>\t\t\t\t\t\t\t\t<\/div>\n\t\t\t\t\t<\/div>\n\t\t\t\t<\/div>\n\t\t\t\t<\/div>","protected":false},"excerpt":{"rendered":"<p>Informaci\u00f3n generalGracias por visitar nuestra web. Esperamos que disfrutes navegando por ella y conociendo el detalle de nuestros productos y servicios.En cumplimiento del deber de informaci\u00f3n contemplado en la normativa vigente sobre Servicios de la Sociedad de la Informaci\u00f3n y del Comercio Electr\u00f3nico. Te recomendamos que leas atentamente las presentes condiciones antes de que comiences con su uso.A continuaci\u00f3n, te indicamos los datos de informaci\u00f3n general de nuestro sitio web: Responsable de la presente web: SIGLO XXI PROYECTOS INTEGRALES, S.L.DNI\/CIF: B54499736 Direcci\u00f3n: CL. DOCTOR GAITAN 6 &#8211; 03202 &#8211; ELCHE (ALICANTE) Dominio internet: 965 450 729 Atendiendo a comunicaciones de los usuarios y\/o interesados en la siguiente direcci\u00f3n de correo electr\u00f3nico: exposicion@jocargrupo.com o 965 450 729 1.- CONCEPTO DE USUARIOUSUARIO es todo aquel que accede a la web, utilice o no los contenidos o informaci\u00f3n el ella dispuestos.El USUARIO manifiesta y acepta expresamente que el acceso a la web supone en toda su extensi\u00f3n el compromiso inequ\u00edvoco de cumplimiento de todas y cada una de las condiciones generales de mero acceso y utilizaci\u00f3n de cualquiera de los contenidos presentados por la web.En todo caso, si el USUARIO no entendiera o asumiera el cumplimiento de todo o parte de las citadas condiciones generales no deber\u00e1 acceder ni utilizar la web.En consecuencia, el Usuario debe leer atentamente el presente Aviso Legal y Pol\u00edtica de Privacidad en cada una de las ocasiones en que se proponga utilizar la web, ya que puede sufrir modificaciones.En el caso de que pueda surgir alguna duda de la lectura del Aviso Legal y Pol\u00edtica de Privacidad, no duden en ponerse en contacto con el titular de la web en la direcci\u00f3n arriba indicada del responsable.2.- OBJETOEl titular de la web, por medio de \u00e9sta, pone a disposici\u00f3n del USUARIO el acceso a una serie de contenidos e informaciones que pueden ser prestados por el propio titular o por terceros.Asimismo, el titular se reserva el derecho de, en cualquier momento, poder modificar la ubicaci\u00f3n en la web de los contenidos que disponga, as\u00ed como la configuraci\u00f3n tanto de los propios contenidos o informaciones como del acceso a los mismos. 3.- CONDICIONES DE ACCESO Y UTILIZACI\u00d3N DE LA WEB 3.1.- ACCESO Y UTILIZACI\u00d3N GENERAL DE LA WEB REALIZADO POR PARTE DE UN USUARIO. El USUARIO acepta expresa e inequ\u00edvocamente que el acceso y utilizaci\u00f3n de la web no implica ning\u00fan tipo de garant\u00eda, a la que expresamente se renuncia por parte del titular, respecto a la idoneidad de los contenidos incluidos en las mismas para fines particulares o espec\u00edficos del USUARIO. En consecuencia, tanto el acceso a la web como la utilizaci\u00f3n de los contenidos e informaciones se efect\u00faa bajo la exclusiva responsabilidad del USUARIO, y el titular no responder\u00e1 en ning\u00fan caso y en ninguna medida, ni por da\u00f1os directos ni indirectos, ni por da\u00f1o emergente, por los eventuales perjuicios derivados de la utilizaci\u00f3n de los contenidos o de las conclusiones que el propio USUARIO extraiga de la utilizaci\u00f3n de los mismos.3.2.- USO AUTORIZADO DE LA WEB Y DE LOS CONTENIDOS. El Usuario consiente expresa e inequ\u00edvocamente que realizar\u00e1 un acceso a la web y, en su caso, utilizaci\u00f3n de la misma y de los contenidos en ella dispuestos conforme a las presentes condiciones generales, las condiciones particulares que en su caso puedan disponerse para cada contenido, as\u00ed como de la dem\u00e1s normativa aplicable, a los buenos usos y costumbres, a la buena fe y al orden p\u00fablico.En todo caso, y con car\u00e1cter puramente enunciativo, el Usuario se compromete a:a) No realizar accesos o usos de la web o de sus contenidos, no permitidos o contrarios al objeto de la web y al marco normativo que lo regula.b) Acceder y\/o utilizar la web y\/o los contenidos dentro de los principios y fines para los que los mismos fueron creados y puestos a disposici\u00f3n del USUARIO. En aras al cumplimiento de estos principios y fines, el USUARIO, con car\u00e1cter enunciativo y no limitativo, se compromete a: b.1) no realizar ni intentar realizar actuaciones que conlleven o puedan conllevar da\u00f1os de manera directa o indirecta, con car\u00e1cter general, sobre la web y los contenidos; b.2) no realizar o intentar realizar actuaciones que afecten, ya sea, entre otras, modificando, manipulando o eliminando las referencias o los formatos de las referencias o menciones sobre protecci\u00f3n de derechos de propiedad intelectual o industrial del titular o de terceros, tanto de la propia web como de los contenidos en \u00e9l dispuestos y dem\u00e1s elementos que lo componen; b.3) no realizar actuaciones que da\u00f1en o puedan da\u00f1ar los sistemas del titular o de terceros, o que en su caso afecten o puedan afectar al normal desarrollo del objeto de la web. Dentro de estas actuaciones se incluyen la introducci\u00f3n de virus inform\u00e1ticos en los sistemas del titular, de los USUARIOS o de cualquier tercero que afecten o puedan afectar de alguna manera a la web, as\u00ed como las actuaciones tendentes a la difusi\u00f3n de dichos virus tanto en la web como en la red a trav\u00e9s de la web.c) El USUARIO responder\u00e1 de todos los da\u00f1os y perjuicios, de cualquier naturaleza, que el titular, cualquier otro USUARIO o un tercero pueda sufrir como consecuencia del uso indebido que los mismos realicen de la web o de los contenidos dispuestos en \u00e9l.3.3.- LOS CONTENIDOS: El USUARIO manifiesta expresa e inequ\u00edvocamente que se compromete a no reproducir o copiar, distribuir, permitir el acceso del p\u00fablico a trav\u00e9s de cualquier modalidad de comunicaci\u00f3n p\u00fablica, transformar o modificar los CONTENIDOS.4.- ACTIVIDAD COMERCIALLa mera exposici\u00f3n de productos y\/o servicios y la informaci\u00f3n acerca de los mismossuministrada por el titular de la web o mediante enlaces a otros Websites de mercantiles relacionadas de forma comercial y empresarial con SIGLO XXI PROYECTOS INTEGRALES, S.L. La finalidad de los links que aparecen en esta Web es exclusivamente informativa.5.- DERECHOS DE PROPIEDAD INDUSTRIAL E INTELECTUALLos contenidos e informaciones prestados por SIGLO XXI PROYECTOS INTEGRALES, S.L., as\u00ed como los contenidos vertidos en la red a trav\u00e9s de su p\u00e1gina web y los links correspondientes<\/p>","protected":false},"author":1,"featured_media":0,"parent":0,"menu_order":0,"comment_status":"closed","ping_status":"closed","template":"","meta":{"footnotes":""},"class_list":["post-403","page","type-page","status-publish","hentry"],"_links":{"self":[{"href":"https:\/\/jocargrupo.com\/en\/wp-json\/wp\/v2\/pages\/403","targetHints":{"allow":["GET"]}}],"collection":[{"href":"https:\/\/jocargrupo.com\/en\/wp-json\/wp\/v2\/pages"}],"about":[{"href":"https:\/\/jocargrupo.com\/en\/wp-json\/wp\/v2\/types\/page"}],"author":[{"embeddable":true,"href":"https:\/\/jocargrupo.com\/en\/wp-json\/wp\/v2\/users\/1"}],"replies":[{"embeddable":true,"href":"https:\/\/jocargrupo.com\/en\/wp-json\/wp\/v2\/comments?post=403"}],"version-history":[{"count":7,"href":"https:\/\/jocargrupo.com\/en\/wp-json\/wp\/v2\/pages\/403\/revisions"}],"predecessor-version":[{"id":410,"href":"https:\/\/jocargrupo.com\/en\/wp-json\/wp\/v2\/pages\/403\/revisions\/410"}],"wp:attachment":[{"href":"https:\/\/jocargrupo.com\/en\/wp-json\/wp\/v2\/media?parent=403"}],"curies":[{"name":"wp","href":"https:\/\/api.w.org\/{rel}","templated":true}]}}