{"id":395,"date":"2025-09-30T16:29:53","date_gmt":"2025-09-30T14:29:53","guid":{"rendered":"https:\/\/jocargrupo.com\/?page_id=395"},"modified":"2025-09-30T16:32:39","modified_gmt":"2025-09-30T14:32:39","slug":"politica-ambiental","status":"publish","type":"page","link":"https:\/\/jocargrupo.com\/en\/politica-ambiental\/","title":{"rendered":"POL\u00cdTICA AMBIENTAL"},"content":{"rendered":"<div data-elementor-type=\"wp-page\" data-elementor-id=\"395\" class=\"elementor elementor-395\">\n\t\t\t\t<div class=\"elementor-element elementor-element-fb87f66 e-flex e-con-boxed wpr-particle-no wpr-jarallax-no wpr-parallax-no wpr-sticky-section-no e-con e-parent\" data-id=\"fb87f66\" data-element_type=\"container\">\n\t\t\t\t\t<div class=\"e-con-inner\">\n\t\t\t\t<div class=\"elementor-element elementor-element-a5bc488 elementor-widget elementor-widget-text-editor\" data-id=\"a5bc488\" data-element_type=\"widget\" data-widget_type=\"text-editor.default\">\n\t\t\t\t\t\t\t\t\t<p>La sociedad es el grupo de inter\u00e9s del que todos formamos parte y el Medio Ambiente en el que vivimos y en el que vivir\u00e1n nuestros descendientes es uno de nuestros valores esenciales. Es voluntad y compromiso de SIGLO XXI PROYECTOS INTEGRALES, S.L., realizar sus actividades de acuerdo con los principios de desarrollo sostenible y de prevenci\u00f3n de la contaminaci\u00f3n, garantizando el cumplimiento de las normativas medioambientales aplicables.<br \/>Este compromiso se explicita en los siguientes principios:<\/p><ul><li>Considerar una prioridad estrat\u00e9gica la integraci\u00f3n de los criterios medioambientales en los procesos de planificaci\u00f3n y gesti\u00f3n de negocio.<\/li><li>Controlar y asegurar la mejora continua, incorporando tecnolog\u00edas y herramientas de gesti\u00f3n encaminadas a reducir los impactos medioambientales, garantiz\u00e1ndose con ello el cumplimiento de la normativa ambiental, as\u00ed como otros requisitos voluntariamente aceptados.<\/li><li>Promover la formaci\u00f3n y sensibilizaci\u00f3n de todos los colectivos implicados en la gesti\u00f3n medioambiental y adecuar la organizaci\u00f3n con el fin de asegurar el cumplimiento de las responsabilidades medioambientales.<\/li><li>Impulsar la colaboraci\u00f3n y comunicaci\u00f3n con los organismos p\u00fablicos en la b\u00fasqueda sin\u00e9rgica de soluciones y en la definici\u00f3n de aquellos est\u00e1ndares aplicables en el proceso de adecuaci\u00f3n medioambiental.<\/li><li>Establecer mecanismos de comunicaci\u00f3n y de colaboraci\u00f3n externa, con el fin de dar una respuesta adecuada a las demandas de la sociedad y nuestros clientes.<\/li><li>Implantar programas de mejora continua de la gesti\u00f3n medioambiental, que facilite la consecuci\u00f3n de los objetivos y metas explicitados en los presentes principios, revisando peri\u00f3dicamente las pol\u00edticas y programas establecidos.<br \/><strong>JUAN MARTIN SANCHEZ SANCHEZ<\/strong><br \/><strong>ADMINISTRADOR<\/strong><\/li><\/ul>\t\t\t\t\t\t\t\t<\/div>\n\t\t\t\t\t<\/div>\n\t\t\t\t<\/div>\n\t\t\t\t<\/div>","protected":false},"excerpt":{"rendered":"<p>La sociedad es el grupo de inter\u00e9s del que todos formamos parte y el Medio Ambiente en el que vivimos y en el que vivir\u00e1n nuestros descendientes es uno de nuestros valores esenciales. Es voluntad y compromiso de SIGLO XXI PROYECTOS INTEGRALES, S.L., realizar sus actividades de acuerdo con los principios de desarrollo sostenible y de prevenci\u00f3n de la contaminaci\u00f3n, garantizando el cumplimiento de las normativas medioambientales aplicables.Este compromiso se explicita en los siguientes principios: Considerar una prioridad estrat\u00e9gica la integraci\u00f3n de los criterios medioambientales en los procesos de planificaci\u00f3n y gesti\u00f3n de negocio. Controlar y asegurar la mejora continua, incorporando tecnolog\u00edas y herramientas de gesti\u00f3n encaminadas a reducir los impactos medioambientales, garantiz\u00e1ndose con ello el cumplimiento de la normativa ambiental, as\u00ed como otros requisitos voluntariamente aceptados. Promover la formaci\u00f3n y sensibilizaci\u00f3n de todos los colectivos implicados en la gesti\u00f3n medioambiental y adecuar la organizaci\u00f3n con el fin de asegurar el cumplimiento de las responsabilidades medioambientales. Impulsar la colaboraci\u00f3n y comunicaci\u00f3n con los organismos p\u00fablicos en la b\u00fasqueda sin\u00e9rgica de soluciones y en la definici\u00f3n de aquellos est\u00e1ndares aplicables en el proceso de adecuaci\u00f3n medioambiental. Establecer mecanismos de comunicaci\u00f3n y de colaboraci\u00f3n externa, con el fin de dar una respuesta adecuada a las demandas de la sociedad y nuestros clientes. Implantar programas de mejora continua de la gesti\u00f3n medioambiental, que facilite la consecuci\u00f3n de los objetivos y metas explicitados en los presentes principios, revisando peri\u00f3dicamente las pol\u00edticas y programas establecidos.JUAN MARTIN SANCHEZ SANCHEZADMINISTRADOR<\/p>","protected":false},"author":1,"featured_media":0,"parent":0,"menu_order":0,"comment_status":"closed","ping_status":"closed","template":"","meta":{"footnotes":""},"class_list":["post-395","page","type-page","status-publish","hentry"],"_links":{"self":[{"href":"https:\/\/jocargrupo.com\/en\/wp-json\/wp\/v2\/pages\/395","targetHints":{"allow":["GET"]}}],"collection":[{"href":"https:\/\/jocargrupo.com\/en\/wp-json\/wp\/v2\/pages"}],"about":[{"href":"https:\/\/jocargrupo.com\/en\/wp-json\/wp\/v2\/types\/page"}],"author":[{"embeddable":true,"href":"https:\/\/jocargrupo.com\/en\/wp-json\/wp\/v2\/users\/1"}],"replies":[{"embeddable":true,"href":"https:\/\/jocargrupo.com\/en\/wp-json\/wp\/v2\/comments?post=395"}],"version-history":[{"count":4,"href":"https:\/\/jocargrupo.com\/en\/wp-json\/wp\/v2\/pages\/395\/revisions"}],"predecessor-version":[{"id":399,"href":"https:\/\/jocargrupo.com\/en\/wp-json\/wp\/v2\/pages\/395\/revisions\/399"}],"wp:attachment":[{"href":"https:\/\/jocargrupo.com\/en\/wp-json\/wp\/v2\/media?parent=395"}],"curies":[{"name":"wp","href":"https:\/\/api.w.org\/{rel}","templated":true}]}}