{"id":270,"date":"2025-03-24T17:51:50","date_gmt":"2025-03-24T16:51:50","guid":{"rendered":"https:\/\/jocargrupo.com\/?page_id=270"},"modified":"2025-09-30T16:33:07","modified_gmt":"2025-09-30T14:33:07","slug":"declaracion-de-accesibilidad","status":"publish","type":"page","link":"https:\/\/jocargrupo.com\/en\/declaracion-de-accesibilidad\/","title":{"rendered":"DECLARACI\u00d3N DE ACCESIBILIDAD"},"content":{"rendered":"<div data-elementor-type=\"wp-page\" data-elementor-id=\"270\" class=\"elementor elementor-270\">\n\t\t\t\t<div class=\"elementor-element elementor-element-fb87f66 e-flex e-con-boxed wpr-particle-no wpr-jarallax-no wpr-parallax-no wpr-sticky-section-no e-con e-parent\" data-id=\"fb87f66\" data-element_type=\"container\">\n\t\t\t\t\t<div class=\"e-con-inner\">\n\t\t\t\t<div class=\"elementor-element elementor-element-a5bc488 elementor-widget elementor-widget-text-editor\" data-id=\"a5bc488\" data-element_type=\"widget\" data-widget_type=\"text-editor.default\">\n\t\t\t\t\t\t\t\t\t<p>Nuestro https:\/\/jocargrupo.com, ha sido dise\u00f1ado y desarrollado con el objetivo de ser accesible para todos los usuarios, independientemente de sus habilidades o discapacidades. Hemos seguido las normas y est\u00e1ndares de accesibilidad establecidos por el Web Content Accessibility Guidelines (WCAG) 2.1 para garantizar que nuestro sitio sea f\u00e1cil de usar para todos.<\/p><p>Para lograr esto, hemos utilizado el sistema de gesti\u00f3n de contenidos WordPress, as\u00ed como los plugins Elementor y One Click Accessibility. Estos plugins nos han permitido crear una interfaz de usuario intuitiva y f\u00e1cil de navegar, y tambi\u00e9n han proporcionado funciones espec\u00edficas de accesibilidad, como la posibilidad de aumentar el tama\u00f1o del texto, cambiar los colores de la interfaz y utilizar la navegaci\u00f3n por teclado.<\/p><p>Si tiene alg\u00fan problema para acceder a la informaci\u00f3n en nuestro sitio, o si encuentra alg\u00fan error, por favor cont\u00e1ctenos a trav\u00e9s de nuestro correo electr\u00f3nico administracion@jocargrupo.com .Haremos todo lo posible para proporcionarle la informaci\u00f3n de la forma que mejor se adapte a sus necesidades.<\/p><p>Estamos comprometidos a mejorar continuamente la accesibilidad de nuestro sitio y agradecemos cualquier comentario o sugerencia que pueda tener.<\/p><p>Fecha de la \u00faltima revisi\u00f3n: 24-03-2025<\/p>\t\t\t\t\t\t\t\t<\/div>\n\t\t\t\t\t<\/div>\n\t\t\t\t<\/div>\n\t\t\t\t<\/div>","protected":false},"excerpt":{"rendered":"<p>Nuestro https:\/\/jocargrupo.com, ha sido dise\u00f1ado y desarrollado con el objetivo de ser accesible para todos los usuarios, independientemente de sus habilidades o discapacidades. Hemos seguido las normas y est\u00e1ndares de accesibilidad establecidos por el Web Content Accessibility Guidelines (WCAG) 2.1 para garantizar que nuestro sitio sea f\u00e1cil de usar para todos. Para lograr esto, hemos utilizado el sistema de gesti\u00f3n de contenidos WordPress, as\u00ed como los plugins Elementor y One Click Accessibility. Estos plugins nos han permitido crear una interfaz de usuario intuitiva y f\u00e1cil de navegar, y tambi\u00e9n han proporcionado funciones espec\u00edficas de accesibilidad, como la posibilidad de aumentar el tama\u00f1o del texto, cambiar los colores de la interfaz y utilizar la navegaci\u00f3n por teclado. Si tiene alg\u00fan problema para acceder a la informaci\u00f3n en nuestro sitio, o si encuentra alg\u00fan error, por favor cont\u00e1ctenos a trav\u00e9s de nuestro correo electr\u00f3nico administracion@jocargrupo.com .Haremos todo lo posible para proporcionarle la informaci\u00f3n de la forma que mejor se adapte a sus necesidades. Estamos comprometidos a mejorar continuamente la accesibilidad de nuestro sitio y agradecemos cualquier comentario o sugerencia que pueda tener. Fecha de la \u00faltima revisi\u00f3n: 24-03-2025<\/p>","protected":false},"author":1,"featured_media":0,"parent":0,"menu_order":0,"comment_status":"closed","ping_status":"closed","template":"","meta":{"footnotes":""},"class_list":["post-270","page","type-page","status-publish","hentry"],"_links":{"self":[{"href":"https:\/\/jocargrupo.com\/en\/wp-json\/wp\/v2\/pages\/270","targetHints":{"allow":["GET"]}}],"collection":[{"href":"https:\/\/jocargrupo.com\/en\/wp-json\/wp\/v2\/pages"}],"about":[{"href":"https:\/\/jocargrupo.com\/en\/wp-json\/wp\/v2\/types\/page"}],"author":[{"embeddable":true,"href":"https:\/\/jocargrupo.com\/en\/wp-json\/wp\/v2\/users\/1"}],"replies":[{"embeddable":true,"href":"https:\/\/jocargrupo.com\/en\/wp-json\/wp\/v2\/comments?post=270"}],"version-history":[{"count":7,"href":"https:\/\/jocargrupo.com\/en\/wp-json\/wp\/v2\/pages\/270\/revisions"}],"predecessor-version":[{"id":402,"href":"https:\/\/jocargrupo.com\/en\/wp-json\/wp\/v2\/pages\/270\/revisions\/402"}],"wp:attachment":[{"href":"https:\/\/jocargrupo.com\/en\/wp-json\/wp\/v2\/media?parent=270"}],"curies":[{"name":"wp","href":"https:\/\/api.w.org\/{rel}","templated":true}]}}